{"id":4975,"date":"2017-07-27T06:25:42","date_gmt":"2017-07-27T06:25:42","guid":{"rendered":"https:\/\/akhisarharita.com\/?page_id=4975"},"modified":"2025-04-23T14:25:11","modified_gmt":"2025-04-23T11:25:11","slug":"home","status":"publish","type":"page","link":"https:\/\/akhisarharita.com\/","title":{"rendered":"Home"},"content":{"rendered":"\t\t<div data-elementor-type=\"wp-page\" data-elementor-id=\"4975\" class=\"elementor elementor-4975\">\n\t\t\t\t\t\t<section class=\"elementor-section elementor-top-section elementor-element elementor-element-249ae8af elementor-section-height-min-height elementor-section-boxed elementor-section-height-default elementor-section-items-middle\" data-id=\"249ae8af\" data-element_type=\"section\" data-settings=\"{&quot;background_background&quot;:&quot;classic&quot;}\">\n\t\t\t\t\t\t\t<div class=\"elementor-background-overlay\"><\/div>\n\t\t\t\t\t\t\t<div class=\"elementor-container elementor-column-gap-default\">\n\t\t\t\t\t<div class=\"elementor-column elementor-col-100 elementor-top-column elementor-element elementor-element-fa336ba\" data-id=\"fa336ba\" data-element_type=\"column\">\n\t\t\t<div class=\"elementor-widget-wrap elementor-element-populated\">\n\t\t\t\t\t\t<div class=\"elementor-element elementor-element-2d61a43 elementor-widget elementor-widget-heading\" data-id=\"2d61a43\" data-element_type=\"widget\" data-widget_type=\"heading.default\">\n\t\t\t\t<div class=\"elementor-widget-container\">\n\t\t\t<style>\/*! elementor - v3.23.0 - 05-08-2024 *\/\n.elementor-heading-title{padding:0;margin:0;line-height:1}.elementor-widget-heading .elementor-heading-title[class*=elementor-size-]>a{color:inherit;font-size:inherit;line-height:inherit}.elementor-widget-heading .elementor-heading-title.elementor-size-small{font-size:15px}.elementor-widget-heading .elementor-heading-title.elementor-size-medium{font-size:19px}.elementor-widget-heading .elementor-heading-title.elementor-size-large{font-size:29px}.elementor-widget-heading .elementor-heading-title.elementor-size-xl{font-size:39px}.elementor-widget-heading .elementor-heading-title.elementor-size-xxl{font-size:59px}<\/style><h2 class=\"elementor-heading-title elementor-size-large\"><b>AKH\u0130SAR HAR\u0130TA M\u00dcHEND\u0130SL\u0130K<\/b><\/h2>\t\t<\/div>\n\t\t\t\t<\/div>\n\t\t\t\t\t<\/div>\n\t\t<\/div>\n\t\t\t\t\t<\/div>\n\t\t<\/section>\n\t\t\t\t<section class=\"elementor-section elementor-top-section elementor-element elementor-element-32bab377 elementor-section-content-middle elementor-section-boxed elementor-section-height-default elementor-section-height-default\" data-id=\"32bab377\" data-element_type=\"section\" id=\"about\">\n\t\t\t\t\t\t<div class=\"elementor-container elementor-column-gap-no\">\n\t\t\t\t\t<div class=\"elementor-column elementor-col-100 elementor-top-column elementor-element elementor-element-4bc8a284\" data-id=\"4bc8a284\" data-element_type=\"column\">\n\t\t\t<div class=\"elementor-widget-wrap elementor-element-populated\">\n\t\t\t\t\t\t<div class=\"elementor-element elementor-element-555e3b2 elementor-widget elementor-widget-heading\" data-id=\"555e3b2\" data-element_type=\"widget\" id=\"hakkimizdaa\" data-widget_type=\"heading.default\">\n\t\t\t\t<div class=\"elementor-widget-container\">\n\t\t\t<h2 class=\"elementor-heading-title elementor-size-default\">HAKKIMIZDA<\/h2>\t\t<\/div>\n\t\t\t\t<\/div>\n\t\t\t\t<section class=\"elementor-section elementor-inner-section elementor-element elementor-element-20e0ba43 elementor-section-content-middle elementor-section-boxed elementor-section-height-default elementor-section-height-default\" data-id=\"20e0ba43\" data-element_type=\"section\">\n\t\t\t\t\t\t<div class=\"elementor-container elementor-column-gap-default\">\n\t\t\t\t\t<div class=\"elementor-column elementor-col-100 elementor-inner-column elementor-element elementor-element-0a72479\" data-id=\"0a72479\" data-element_type=\"column\">\n\t\t\t<div class=\"elementor-widget-wrap elementor-element-populated\">\n\t\t\t\t\t\t<div class=\"elementor-element elementor-element-bf534d4 elementor-widget__width-initial elementor-widget-mobile__width-initial elementor-widget elementor-widget-text-editor\" data-id=\"bf534d4\" data-element_type=\"widget\" data-widget_type=\"text-editor.default\">\n\t\t\t\t<div class=\"elementor-widget-container\">\n\t\t\t<style>\/*! elementor - v3.23.0 - 05-08-2024 *\/\n.elementor-widget-text-editor.elementor-drop-cap-view-stacked .elementor-drop-cap{background-color:#69727d;color:#fff}.elementor-widget-text-editor.elementor-drop-cap-view-framed .elementor-drop-cap{color:#69727d;border:3px solid;background-color:transparent}.elementor-widget-text-editor:not(.elementor-drop-cap-view-default) .elementor-drop-cap{margin-top:8px}.elementor-widget-text-editor:not(.elementor-drop-cap-view-default) .elementor-drop-cap-letter{width:1em;height:1em}.elementor-widget-text-editor .elementor-drop-cap{float:left;text-align:center;line-height:1;font-size:50px}.elementor-widget-text-editor .elementor-drop-cap-letter{display:inline-block}<\/style>\t\t\t\t<p>2016 Y\u0131l\u0131nda ba\u015flam\u0131\u015f oldu\u011fum \u00c7anakkale Onsekiz Mart \u00dcniversitesinde e\u011fitim \u00f6\u011fretim y\u0131l\u0131m ile beraber ba\u015flam\u0131\u015f oldu\u011fum meslek hayat\u0131m\u0131.S\u0131ras\u0131yla e\u011fitim g\u00f6rd\u00fc\u011f\u00fcm \u00c7anakkale \u0130li\u2019nde ba\u015flayarak daha sonras\u0131nda s\u0131ras\u0131ylar Manisa,\u0130zmir,Akhisar;G\u00f6rdes,Salihli b\u00f6lgelerinde \u00e7e\u015fitli projelerde g\u00f6rev ald\u0131m.2021 y\u0131l\u0131nda \u00c7anakkale Onsekiz Mart \u00dcniversite\u2019sinden mezun olduktan sonra ,belirli bir s\u00fcre alt yap\u0131 projelerinde ve \u00e7e\u015fitli b\u00f6lgelerde \u015fantiye \u015fefli\u011fi g\u00f6revlerini \u00fcstlendim.2023 y\u0131l\u0131 May\u0131s ay\u0131 itibari ile memleketim olan Manisa\u2019n\u0131n Akhisar \u0130l\u00e7e\u2019sinde \u2018\u2019AKH\u0130SAR HAR\u0130TA M\u00dcHEND\u0130SL\u0130K\u2019\u2019 b\u00fcrosunu a\u00e7m\u0131\u015f bulunmaktay\u0131m.Uzman Hizmet kalitesi, mekan ve araziye y\u00f6nelik her t\u00fcrl\u00fc projeyi,modern teknoloji ile hassas olarak belirlemekteyiz.<\/p><p style=\"text-align: left;\">\u00a0<\/p>\t\t\t\t\t\t<\/div>\n\t\t\t\t<\/div>\n\t\t\t\t\t<\/div>\n\t\t<\/div>\n\t\t\t\t\t<\/div>\n\t\t<\/section>\n\t\t\t\t\t<\/div>\n\t\t<\/div>\n\t\t\t\t\t<\/div>\n\t\t<\/section>\n\t\t\t\t<section class=\"elementor-section elementor-top-section elementor-element elementor-element-7b032525 elementor-section-content-middle elementor-section-boxed elementor-section-height-default elementor-section-height-default\" data-id=\"7b032525\" data-element_type=\"section\" id=\"amenities\" data-settings=\"{&quot;background_background&quot;:&quot;classic&quot;}\">\n\t\t\t\t\t\t\t<div class=\"elementor-background-overlay\"><\/div>\n\t\t\t\t\t\t\t<div class=\"elementor-container elementor-column-gap-no\">\n\t\t\t\t\t<div class=\"elementor-column elementor-col-100 elementor-top-column elementor-element elementor-element-7c2e962a\" data-id=\"7c2e962a\" data-element_type=\"column\">\n\t\t\t<div class=\"elementor-widget-wrap elementor-element-populated\">\n\t\t\t\t\t\t<div class=\"elementor-element elementor-element-54dfe719 elementor-widget__width-initial elementor-widget elementor-widget-heading\" data-id=\"54dfe719\" data-element_type=\"widget\" id=\"hizmetlerimizz\" data-widget_type=\"heading.default\">\n\t\t\t\t<div class=\"elementor-widget-container\">\n\t\t\t<h2 class=\"elementor-heading-title elementor-size-default\">H\u0130ZMETLER\u0130M\u0130Z<\/h2>\t\t<\/div>\n\t\t\t\t<\/div>\n\t\t\t\t<section class=\"elementor-section elementor-inner-section elementor-element elementor-element-f891522 elementor-section-boxed elementor-section-height-default elementor-section-height-default\" data-id=\"f891522\" data-element_type=\"section\">\n\t\t\t\t\t\t<div class=\"elementor-container elementor-column-gap-default\">\n\t\t\t\t\t<div class=\"elementor-column elementor-col-50 elementor-inner-column elementor-element elementor-element-7aa59cd\" data-id=\"7aa59cd\" data-element_type=\"column\">\n\t\t\t<div class=\"elementor-widget-wrap elementor-element-populated\">\n\t\t\t\t\t\t<div class=\"elementor-element elementor-element-c345754 elementor-widget elementor-widget-text-editor\" data-id=\"c345754\" data-element_type=\"widget\" data-widget_type=\"text-editor.default\">\n\t\t\t\t<div class=\"elementor-widget-container\">\n\t\t\t\t\t\t\t<ul><li>\u0130MAR UYGULAMALARI<\/li><li>\u0130FRAZ VE YOLA TERK<\/li><li>YOLDAN VE PARKTAN \u0130HDAS<\/li><li>HUS VE TUS \u0130\u015eLEMLER\u0130<\/li><li>SINIR TESP\u0130T \u00c7ALI\u015eMASI<\/li><li>\u00dc\u00c7 BOYUTLU MODELLEME<\/li><li>\u00d6ZEL A\u011eA\u00c7LANDIRMA PROJES\u0130<\/li><li>YAPI APL\u0130KASYON PROJES\u0130<\/li><\/ul>\t\t\t\t\t\t<\/div>\n\t\t\t\t<\/div>\n\t\t\t\t\t<\/div>\n\t\t<\/div>\n\t\t\t\t<div class=\"elementor-column elementor-col-50 elementor-inner-column elementor-element elementor-element-cac4326\" data-id=\"cac4326\" data-element_type=\"column\">\n\t\t\t<div class=\"elementor-widget-wrap elementor-element-populated\">\n\t\t\t\t\t\t<div class=\"elementor-element elementor-element-e112e2c elementor-widget__width-initial elementor-widget elementor-widget-text-editor\" data-id=\"e112e2c\" data-element_type=\"widget\" data-widget_type=\"text-editor.default\">\n\t\t\t\t<div class=\"elementor-widget-container\">\n\t\t\t\t\t\t\t<ul><li>HAL\u0130HAZIR HAR\u0130TA \u00dcRET\u0130M\u0130<\/li><li>PLANKOTE<\/li><li>FENN\u0130 MESUL\u0130YET<\/li><li>R\u00d6PERL\u0130 KROK\u0130<\/li><li>BA\u011eIMSIZ B\u00d6L\u00dcM VE VAZ\u0130YET PLANI<\/li><li>HAKED\u0130\u015e HAZIRLAMA<\/li><li>ALTYAPI PROJELER\u0130<\/li><li>HAFR\u0130YAT VE K\u00dcBAJ HESABI<\/li><li>GES VE RES PROJE HAZIRLI\u011eI<\/li><\/ul>\t\t\t\t\t\t<\/div>\n\t\t\t\t<\/div>\n\t\t\t\t\t<\/div>\n\t\t<\/div>\n\t\t\t\t\t<\/div>\n\t\t<\/section>\n\t\t\t\t\t<\/div>\n\t\t<\/div>\n\t\t\t\t\t<\/div>\n\t\t<\/section>\n\t\t\t\t<section class=\"elementor-section elementor-top-section elementor-element elementor-element-1f48e0a elementor-section-boxed elementor-section-height-default elementor-section-height-default\" data-id=\"1f48e0a\" data-element_type=\"section\">\n\t\t\t\t\t\t<div class=\"elementor-container elementor-column-gap-default\">\n\t\t\t\t\t<div class=\"elementor-column elementor-col-100 elementor-top-column elementor-element elementor-element-a50f165\" data-id=\"a50f165\" data-element_type=\"column\">\n\t\t\t<div class=\"elementor-widget-wrap elementor-element-populated\">\n\t\t\t\t\t\t<div class=\"elementor-element elementor-element-a4e6c9c elementor-widget elementor-widget-heading\" data-id=\"a4e6c9c\" data-element_type=\"widget\" id=\"galerii\" data-widget_type=\"heading.default\">\n\t\t\t\t<div class=\"elementor-widget-container\">\n\t\t\t<h2 class=\"elementor-heading-title elementor-size-default\">\u00c7ALI\u015eTI\u011eIMIZ F\u0130RMALAR<\/h2>\t\t<\/div>\n\t\t\t\t<\/div>\n\t\t\t\t\t<\/div>\n\t\t<\/div>\n\t\t\t\t\t<\/div>\n\t\t<\/section>\n\t\t\t\t<section class=\"elementor-section elementor-top-section elementor-element elementor-element-80fd1b7 elementor-section-boxed elementor-section-height-default elementor-section-height-default\" data-id=\"80fd1b7\" data-element_type=\"section\">\n\t\t\t\t\t\t<div class=\"elementor-container elementor-column-gap-default\">\n\t\t\t\t\t<div class=\"elementor-column elementor-col-100 elementor-top-column elementor-element elementor-element-6a124af\" data-id=\"6a124af\" data-element_type=\"column\">\n\t\t\t<div class=\"elementor-widget-wrap elementor-element-populated\">\n\t\t\t\t\t\t<div class=\"elementor-element elementor-element-77629a5 elementor-widget elementor-widget-image\" data-id=\"77629a5\" data-element_type=\"widget\" data-widget_type=\"image.default\">\n\t\t\t\t<div class=\"elementor-widget-container\">\n\t\t\t<style>\/*! elementor - v3.23.0 - 05-08-2024 *\/\n.elementor-widget-image{text-align:center}.elementor-widget-image a{display:inline-block}.elementor-widget-image a img[src$=\".svg\"]{width:48px}.elementor-widget-image img{vertical-align:middle;display:inline-block}<\/style>\t\t\t\t\t\t\t\t\t\t<img fetchpriority=\"high\" decoding=\"async\" width=\"1024\" height=\"576\" src=\"https:\/\/akhisarharita.com\/wp-content\/uploads\/2025\/04\/Adsiz-tasarim-2-1024x576.png\" class=\"attachment-large size-large wp-image-5382\" alt=\"\" srcset=\"https:\/\/akhisarharita.com\/wp-content\/uploads\/2025\/04\/Adsiz-tasarim-2-1024x576.png 1024w, https:\/\/akhisarharita.com\/wp-content\/uploads\/2025\/04\/Adsiz-tasarim-2-300x169.png 300w, https:\/\/akhisarharita.com\/wp-content\/uploads\/2025\/04\/Adsiz-tasarim-2-768x432.png 768w, https:\/\/akhisarharita.com\/wp-content\/uploads\/2025\/04\/Adsiz-tasarim-2-1536x864.png 1536w, https:\/\/akhisarharita.com\/wp-content\/uploads\/2025\/04\/Adsiz-tasarim-2.png 1920w\" sizes=\"(max-width: 1024px) 100vw, 1024px\" \/>\t\t\t\t\t\t\t\t\t\t\t\t\t<\/div>\n\t\t\t\t<\/div>\n\t\t\t\t\t<\/div>\n\t\t<\/div>\n\t\t\t\t\t<\/div>\n\t\t<\/section>\n\t\t\t\t<\/div>\n\t\t","protected":false},"excerpt":{"rendered":"<p>AKH\u0130SAR HAR\u0130TA M\u00dcHEND\u0130SL\u0130K HAKKIMIZDA 2016 Y\u0131l\u0131nda ba\u015flam\u0131\u015f oldu\u011fum \u00c7anakkale Onsekiz Mart \u00dcniversitesinde e\u011fitim \u00f6\u011fretim y\u0131l\u0131m ile beraber ba\u015flam\u0131\u015f oldu\u011fum meslek hayat\u0131m\u0131.S\u0131ras\u0131yla e\u011fitim g\u00f6rd\u00fc\u011f\u00fcm \u00c7anakkale \u0130li\u2019nde ba\u015flayarak daha sonras\u0131nda s\u0131ras\u0131ylar Manisa,\u0130zmir,Akhisar;G\u00f6rdes,Salihli b\u00f6lgelerinde \u00e7e\u015fitli projelerde g\u00f6rev ald\u0131m.2021 y\u0131l\u0131nda \u00c7anakkale Onsekiz Mart \u00dcniversite\u2019sinden mezun olduktan sonra ,belirli bir s\u00fcre alt yap\u0131 projelerinde ve \u00e7e\u015fitli b\u00f6lgelerde \u015fantiye \u015fefli\u011fi g\u00f6revlerini [&hellip;]<\/p>\n","protected":false},"author":2,"featured_media":0,"parent":0,"menu_order":0,"comment_status":"closed","ping_status":"open","template":"","meta":{"site-sidebar-layout":"no-sidebar","site-content-layout":"page-builder","ast-site-content-layout":"default","site-content-style":"default","site-sidebar-style":"default","ast-global-header-display":"","ast-banner-title-visibility":"","ast-main-header-display":"","ast-hfb-above-header-display":"","ast-hfb-below-header-display":"","ast-hfb-mobile-header-display":"","site-post-title":"disabled","ast-breadcrumbs-content":"","ast-featured-img":"disabled","footer-sml-layout":"","ast-disable-related-posts":"","theme-transparent-header-meta":"enabled","adv-header-id-meta":"","stick-header-meta":"","header-above-stick-meta":"","header-main-stick-meta":"","header-below-stick-meta":"","astra-migrate-meta-layouts":"default","ast-page-background-enabled":"default","ast-page-background-meta":{"desktop":{"background-color":"","background-image":"","background-repeat":"repeat","background-position":"center center","background-size":"auto","background-attachment":"scroll","background-type":"","background-media":"","overlay-type":"","overlay-color":"","overlay-opacity":"","overlay-gradient":""},"tablet":{"background-color":"","background-image":"","background-repeat":"repeat","background-position":"center center","background-size":"auto","background-attachment":"scroll","background-type":"","background-media":"","overlay-type":"","overlay-color":"","overlay-opacity":"","overlay-gradient":""},"mobile":{"background-color":"","background-image":"","background-repeat":"repeat","background-position":"center center","background-size":"auto","background-attachment":"scroll","background-type":"","background-media":"","overlay-type":"","overlay-color":"","overlay-opacity":"","overlay-gradient":""}},"ast-content-background-meta":{"desktop":{"background-color":"var(--ast-global-color-5)","background-image":"","background-repeat":"repeat","background-position":"center center","background-size":"auto","background-attachment":"scroll","background-type":"","background-media":"","overlay-type":"","overlay-color":"","overlay-opacity":"","overlay-gradient":""},"tablet":{"background-color":"var(--ast-global-color-5)","background-image":"","background-repeat":"repeat","background-position":"center center","background-size":"auto","background-attachment":"scroll","background-type":"","background-media":"","overlay-type":"","overlay-color":"","overlay-opacity":"","overlay-gradient":""},"mobile":{"background-color":"var(--ast-global-color-5)","background-image":"","background-repeat":"repeat","background-position":"center center","background-size":"auto","background-attachment":"scroll","background-type":"","background-media":"","overlay-type":"","overlay-color":"","overlay-opacity":"","overlay-gradient":""}}},"_links":{"self":[{"href":"https:\/\/akhisarharita.com\/index.php?rest_route=\/wp\/v2\/pages\/4975"}],"collection":[{"href":"https:\/\/akhisarharita.com\/index.php?rest_route=\/wp\/v2\/pages"}],"about":[{"href":"https:\/\/akhisarharita.com\/index.php?rest_route=\/wp\/v2\/types\/page"}],"author":[{"embeddable":true,"href":"https:\/\/akhisarharita.com\/index.php?rest_route=\/wp\/v2\/users\/2"}],"replies":[{"embeddable":true,"href":"https:\/\/akhisarharita.com\/index.php?rest_route=%2Fwp%2Fv2%2Fcomments&post=4975"}],"version-history":[{"count":218,"href":"https:\/\/akhisarharita.com\/index.php?rest_route=\/wp\/v2\/pages\/4975\/revisions"}],"predecessor-version":[{"id":5389,"href":"https:\/\/akhisarharita.com\/index.php?rest_route=\/wp\/v2\/pages\/4975\/revisions\/5389"}],"wp:attachment":[{"href":"https:\/\/akhisarharita.com\/index.php?rest_route=%2Fwp%2Fv2%2Fmedia&parent=4975"}],"curies":[{"name":"wp","href":"https:\/\/api.w.org\/{rel}","templated":true}]}}